{"id":7,"date":"2024-08-17T14:25:26","date_gmt":"2024-08-17T14:25:26","guid":{"rendered":"https:\/\/campionquartet.com\/newchambersingersnew\/about\/"},"modified":"2025-09-28T16:53:46","modified_gmt":"2025-09-28T14:53:46","slug":"about","status":"publish","type":"page","link":"https:\/\/newchambersingers.com\/it\/about\/","title":{"rendered":"Informazione"},"content":{"rendered":"<div id=\"hero\" class=\"nfd-container nfd-p-lg nfd-pb-lg nfd-bg-surface nfd-theme-white is-style-nfd-theme-white wp-block-group is-layout-constrained wp-block-group-is-layout-constrained\">\n<div class=\"nfd-gap-3xl wp-block-columns are-vertically-aligned-center is-layout-flex wp-container-core-columns-is-layout-28f84493 wp-block-columns-is-layout-flex\">\n<div class=\"wp-block-column is-layout-flow wp-block-column-is-layout-flow\">\n<h2 class=\"wp-block-heading\">I New Chamber Singers<\/h2>\n\n\n\n<figure class=\"wp-block-image alignright size-full is-resized\"><img data-recalc-dims=\"1\" loading=\"lazy\" decoding=\"async\" width=\"969\" height=\"594\" src=\"https:\/\/i0.wp.com\/newchambersingers.com\/wp-content\/uploads\/2024\/08\/st-john-3.jpg?resize=969%2C594&#038;ssl=1\" alt=\"The choir singing in 2009\" class=\"wp-image-18\" style=\"width:600px\" srcset=\"https:\/\/i0.wp.com\/newchambersingers.com\/wp-content\/uploads\/2024\/08\/st-john-3.jpg?w=969&amp;ssl=1 969w, https:\/\/i0.wp.com\/newchambersingers.com\/wp-content\/uploads\/2024\/08\/st-john-3.jpg?resize=300%2C184&amp;ssl=1 300w, https:\/\/i0.wp.com\/newchambersingers.com\/wp-content\/uploads\/2024\/08\/st-john-3.jpg?resize=768%2C471&amp;ssl=1 768w\" sizes=\"auto, (max-width: 969px) 100vw, 969px\" \/><figcaption class=\"wp-element-caption\">Cantando la Passione secondo San Giovanni di Bach nel 2009<\/figcaption><\/figure>\n\n\n\n<p class=\"\">I New Chamber Singers \u00e8 un coro internazionale con sede a Roma, Italia. \u00c8 stato fondato nel gennaio 1993 e ha sviluppato un vasto repertorio che spazia dal primo Rinascimento ai compositori viventi. Uno dei suoi obiettivi \u00e8 quello di proporre composizioni e compositori poco noti al pubblico italiano, senza ignorare i brani pi\u00f9 noti per coro da camera.<\/p>\n\n\n\n<p class=\"\">Grazie al suo obiettivo di accogliere cantanti internazionali con una gamma di lingue e culture, \u00e8 stato in grado di costruire un proprio suono e stile ben definiti e riconoscibili. Ha sede presso la chiesa anglicana di&nbsp;<a href=\"http:\/\/www.allsaintsrome.org\/\" target=\"_blank\" rel=\"noreferrer noopener\">All Saints<\/a>&nbsp;a Roma, ma ha anche partecipato a una variet\u00e0 di concerti ed eventi musicali altrove a Roma, nel Lazio e in altre regioni italiane. Ha collaborato con diversi direttori e orchestre prestigiose (Andrea Cappelleri, Wijnand van de Pol, Tom Hammond-Davies, Fabio Maestri, Gabriele Catalucci, la John Cabot University Orchestra, l'orchestra Nova Amadeus e altri). Ha anche registrato due CD, uno sotto la direzione di Keith Griggs e dedicato alla musica francese del XX secolo e uno con il Maestro Cappelleri, eseguendo la \"Petite Messe Solennelle\" di Gioachino Rossini.<\/p>\n\n\n\n<p class=\"\">A sostegno del coro di All Saints, i New Chamber Singers si sono esibiti per Papa Francesco (vedi <a href=\"https:\/\/newchambersingers.com\/it\/singing-with-the-pope\/\">Cantare per il Papa<\/a>), l'arcivescovo di Canterbury e nelle basiliche di San Pietro, San Bartolomeo e San Paolo fuori le Mura a Roma. L'attuale maestro del coro \u00e8 Stefano Vasselli (vedi sotto) e il coro \u00e8 diretto da un comitato composto da Chris Phillips (presidente), Roberto di Mattei (vicepresidente), Luisa Boccia (tesoriere) e Mary New.<\/p>\n\n\n\n<h3 class=\"wp-block-heading\"><em>Stefano Vasselli, direttore<\/em><\/h3>\n\n\n\n<figure class=\"wp-block-image alignright size-large is-resized\"><img data-recalc-dims=\"1\" loading=\"lazy\" decoding=\"async\" width=\"1024\" height=\"785\" src=\"https:\/\/i0.wp.com\/newchambersingers.com\/wp-content\/uploads\/2024\/08\/StefanoOrgano-1.jpg?resize=1024%2C785&#038;ssl=1\" alt=\"Stefano at the organ\" class=\"wp-image-19\" style=\"width:500px\" srcset=\"https:\/\/i0.wp.com\/newchambersingers.com\/wp-content\/uploads\/2024\/08\/StefanoOrgano-1.jpg?resize=1024%2C785&amp;ssl=1 1024w, https:\/\/i0.wp.com\/newchambersingers.com\/wp-content\/uploads\/2024\/08\/StefanoOrgano-1.jpg?resize=300%2C230&amp;ssl=1 300w, https:\/\/i0.wp.com\/newchambersingers.com\/wp-content\/uploads\/2024\/08\/StefanoOrgano-1.jpg?resize=768%2C589&amp;ssl=1 768w, https:\/\/i0.wp.com\/newchambersingers.com\/wp-content\/uploads\/2024\/08\/StefanoOrgano-1.jpg?w=1173&amp;ssl=1 1173w\" sizes=\"auto, (max-width: 1000px) 100vw, 1000px\" \/><\/figure>\n\n\n\n<p class=\"\">Nato a Roma nel 1969, ha compiuto i suoi studi musicali presso il Conservatorio Santa Cecilia di Roma, diplomandosi in quattro discipline principali: Organo e Composizione Organistica, Composizione Principale, Pianoforte e Direzione di Coro. Negli anni di formazione ha seguito anche i corsi di Canto Gregoriano presso l'Istituto Pontificio di Musica Sacra e numerose Masterclasses con insigni organisti quali Daniel Roth, Marie-Claire Alain, Michael Radulescu, Martin Sander, Victor Urban e altri. Come allievo privato ha approfondito in particolare il repertorio romantico francese sotto la guida di Suzanne Chaisemartin a Parigi. Vincitore del Primo Premio al concorso T.I.M. (Torneo Internazionale di Musica), si \u00e8 esibito per le pi\u00f9 prestigiose istituzioni musicali romane, fra le quali l'Accademia di Santa Cecilia, l'Accademia Filarmonica Romana, il Gonfalone, l'Istituto Pontificio di Musica Sacra, il Conservatorio Santa Cecilia e lo stesso Comune di Roma.<\/p>\n\n\n\n<p class=\"\">Ha al suo attivo concerti in molti Paesi europei, Stati Uniti, Messico, Israele, Argentina e Arabia Saudita. Come solista con orchestra ha suonato i concerti di H\u00e4ndel, Rheinberger, Poulenc, e debutter\u00e0 in novembre con il concerto di Marco Enrico Bossi. Da diversi anni divide la sua vita fra l'Italia e la Danimarca, dove risiede la sua famiglia: ha tenuto concerti in diverse citt\u00e0 danesi e ha collaborato in particolare con l'orchestra sinfonica della citt\u00e0 di Odense in qualit\u00e0 di organista e cembalista. In questa veste ha partecipato a numerose produzioni (il \"Messia\" di G.F. H\u00e4ndel, l'Oratorio di Natale di J.S. Bach, il Requiem di Mozart e di Brahms, la sinfonia n. 2 di Mahler e molte altre), suonando con solisti prestigiosi quali Dmitri Sitkovetsky e Michala Petri, e sotto la direzione, fra gli altri, di Christoph Eschenbach, Alexander Vedernikov, Stephen Layton, Nicholas Cleobury, Fabrice Bollon.<\/p>\n\n\n\n<p class=\"\">Dal 1999 \u00e8 organista e direttore musicale presso la chiesa episcopale&nbsp;<a href=\"http:\/\/www.stpaulsrome.it\/\" target=\"_blank\" rel=\"noreferrer noopener\">San Paolo entro le Mura<\/a>&nbsp;di Roma. Da sempre appassionato di musica francese, ha presentato l'integrale delle sinfonie per organo di Charles Marie Widor, e l'integrale delle composizioni di C\u00e9sar Franck e Maurice Durufl\u00e9 per organo. Nel 2022, insieme ai New Chamber Singers ha realizzato un ciclo di 4 concerti omaggio a Franck con l'integrale delle sue opere organistiche e una selezione delle pi\u00f9 significative composizioni corali.<\/p>\n\n\n\n<hr class=\"wp-block-separator has-alpha-channel-opacity\"\/>\n\n\n\n<h3 class=\"wp-block-heading\"><em>Chris Phillips, Presidente<\/em><\/h3>\n\n\n\n<figure class=\"wp-block-image alignright size-large is-resized\"><img data-recalc-dims=\"1\" decoding=\"async\" src=\"https:\/\/i0.wp.com\/newchambersingers.com\/wp-content\/uploads\/2024\/08\/chris-1.jpg?ssl=1\" alt=\"Chris in concert\" style=\"width:500px\"\/><\/figure>\n\n\n\n<p class=\"\">Nato a Londra nel 1952, Chris vi ha svolto i suoi studi e ha esplorato varie opzioni di carriera prima di scegliere quella che oggi viene chiamata IT, Tecnologia dell'informazione. Giunto a Roma alla fine del 1991 con un breve contratto con l'IBM, ha deciso di rimanere e ha accettato una posizione in Eurimage, azienda di commercializzazione e distribuzione di immagini satellitari, oggi parte di Telespazio. Nel 2012 ha unito satelliti e IT e ha iniziato a lavorare come analista aziendale per SES, probabilmente il pi\u00f9 grande operatore satellitare per comunicazioni al mondo. Ha inizialmente lavorato in loco in Lussemburgo, oggi lavora da casa quasi a tempo pieno.<\/p>\n\n\n\n<p class=\"\">Chris \u00e8 sempre stato fortunato con le opportunit\u00e0 canore. Il suo preside gallese alla Latymer School, nell'area nord di Londra, era un amante della musica e, grazie al suo interesse per il dipartimento di musica, Chris ebbe l'incredibile opportunit\u00e0 di cantare come voce bianca in Boris Godunov al Covent Garden, per poi continuare come tenore e cantare nel coro da camera della scuola in diversi Eisteddfodau, cantando spesso in gallese, in competizioni con cori adulti.<\/p>\n\n\n\n<p class=\"\">All'IBM di Roma si \u00e8 per caso trovato a lavorare a fianco di un americano che cantava con l'Accademia Filarmonica Romana. Chris si \u00e8 unito al gruppo e si \u00e8 presto ritrovato a cantare anche nella Cappella Giulia a San Pietro, in entrambi i cori sotto la direzione di Don Pablo Colino. E cos\u00ec ha avuto l'occasione di cantare in TV e alla radio e nel corso di eventi importanti in Vaticano, a Roma, in Spagna e in USA. Probabilmente il momento pi\u00f9 spettacolare tra le sue esperienze coristiche \u00e8 stato cantare un assolo, del tutto inaspettatamente, in occasione della beatificazione di Jose Maria Escriv\u00e0 nel 1993, davanti a milioni di telespettatori.<\/p>\n\n\n\n<p class=\"\">Per puro caso ha assistito al primo concerto dei New Chamber Singers nel 1993 e si \u00e8 unito a loro subito dopo. \u00c8 diventato presidente nel 2023, al termine degli epocali 25 anni di presidenza di Andrew Cochlin.<\/p>\n<\/div>\n<\/div>\n<\/div>\n\n\n\n<div id=\"clients\" class=\"nfd-container nfd-p-card-square-lg nfd-bg-surface nfd-theme-light is-style-nfd-theme-light wp-block-group is-layout-constrained wp-block-group-is-layout-constrained\" style=\"border-bottom-color:white;border-bottom-width:2px\">\n<p class=\"\">Collaborazioni<\/p>\n\n\n\n<div class=\"nfd-gap-3xl wp-block-columns is-layout-flex wp-container-core-columns-is-layout-28f84493 wp-block-columns-is-layout-flex\">\n<div class=\"wp-block-column is-vertically-aligned-center is-layout-flow wp-block-column-is-layout-flow\" style=\"flex-basis:25%\">\n<figure class=\"wp-block-image aligncenter size-large\"><img data-recalc-dims=\"1\" decoding=\"async\" src=\"https:\/\/i0.wp.com\/newchambersingers.com\/wp-content\/uploads\/2024\/08\/Logo-festival-Musica-sacra.png?ssl=1\" alt=\"Musica Sacra logo\"\/><\/figure>\n\n\n\n<p class=\"\"><\/p>\n\n\n\n<figure class=\"wp-block-image aligncenter size-large\"><img data-recalc-dims=\"1\" height=\"338\" width=\"1024\" decoding=\"async\" src=\"https:\/\/i0.wp.com\/newchambersingers.com\/wp-content\/uploads\/2024\/08\/ExtravaganzaRomana-logo-sfondo-bianco.jpg?resize=1024%2C338&#038;ssl=1\" alt=\"Extravaganza Roma logo\"\/><\/figure>\n<\/div>\n\n\n\n<div class=\"wp-block-column is-vertically-aligned-center is-layout-flow wp-block-column-is-layout-flow\" style=\"flex-basis:25%\">\n<figure class=\"wp-block-image aligncenter size-large\"><img data-recalc-dims=\"1\" decoding=\"async\" src=\"https:\/\/i0.wp.com\/newchambersingers.com\/wp-content\/uploads\/2024\/08\/cantamus.jpg?ssl=1\" alt=\"Cantamus Berlin logo\"\/><\/figure>\n\n\n\n<p class=\"\"><\/p>\n\n\n\n<figure class=\"wp-block-image aligncenter size-large\"><img data-recalc-dims=\"1\" decoding=\"async\" src=\"https:\/\/i0.wp.com\/newchambersingers.com\/wp-content\/uploads\/2024\/08\/StCatherines.jpg?ssl=1\" alt=\"St Catherine's College, Cambridge logo\"\/><\/figure>\n<\/div>\n\n\n\n<div class=\"wp-block-column is-vertically-aligned-center is-layout-flow wp-block-column-is-layout-flow\" style=\"flex-basis:25%\">\n<figure class=\"wp-block-image aligncenter size-large is-resized\"><img data-recalc-dims=\"1\" decoding=\"async\" src=\"https:\/\/i0.wp.com\/newchambersingers.com\/wp-content\/uploads\/2024\/08\/ceg_web_kl_s.png?ssl=1\" alt=\"Das Gro\u00dfe Orchester des Christian-Ernst-Gymnasiums - Erlangen logo\" style=\"width:100px\"\/><figcaption class=\"wp-element-caption\">Das Gro\u00dfe Orchester des Christian-Ernst-Gymnasiums &#8211; Erlangen<\/figcaption><\/figure>\n<\/div>\n\n\n\n<div class=\"wp-block-column is-layout-flow wp-block-column-is-layout-flow\" style=\"flex-basis:25%\">\n<figure class=\"wp-block-image size-full\"><img data-recalc-dims=\"1\" loading=\"lazy\" decoding=\"async\" width=\"962\" height=\"559\" src=\"https:\/\/i0.wp.com\/newchambersingers.com\/wp-content\/uploads\/2025\/08\/excollegio.png?resize=962%2C559&#038;ssl=1\" alt=\"Ex Collegio logo\" class=\"wp-image-600\" style=\"object-fit:cover\" srcset=\"https:\/\/i0.wp.com\/newchambersingers.com\/wp-content\/uploads\/2025\/08\/excollegio.png?w=962&amp;ssl=1 962w, https:\/\/i0.wp.com\/newchambersingers.com\/wp-content\/uploads\/2025\/08\/excollegio.png?resize=300%2C174&amp;ssl=1 300w, https:\/\/i0.wp.com\/newchambersingers.com\/wp-content\/uploads\/2025\/08\/excollegio.png?resize=768%2C446&amp;ssl=1 768w, https:\/\/i0.wp.com\/newchambersingers.com\/wp-content\/uploads\/2025\/08\/excollegio.png?resize=18%2C10&amp;ssl=1 18w\" sizes=\"auto, (max-width: 962px) 100vw, 962px\" \/><\/figure>\n<\/div>\n<\/div>\n<\/div>","protected":false},"excerpt":{"rendered":"<p>The New Chamber Singers The New Chamber Singers is an international choir based in Rome, Italy. It was founded in January 1993 and has developed a vast repertory that stretches [&hellip;]<\/p>\n","protected":false},"author":1,"featured_media":0,"parent":0,"menu_order":0,"comment_status":"closed","ping_status":"closed","template":"","meta":{"nf_dc_page":"","_monsterinsights_skip_tracking":false,"_monsterinsights_sitenote_active":false,"_monsterinsights_sitenote_note":"","_monsterinsights_sitenote_category":0,"_EventAllDay":false,"_EventTimezone":"","_EventStartDate":"","_EventEndDate":"","_EventStartDateUTC":"","_EventEndDateUTC":"","_EventShowMap":false,"_EventShowMapLink":false,"_EventURL":"","_EventCost":"","_EventCostDescription":"","_EventCurrencySymbol":"","_EventCurrencyCode":"","_EventCurrencyPosition":"","_EventDateTimeSeparator":"","_EventTimeRangeSeparator":"","_EventOrganizerID":[],"_EventVenueID":[],"_OrganizerEmail":"","_OrganizerPhone":"","_OrganizerWebsite":"","_VenueAddress":"","_VenueCity":"","_VenueCountry":"","_VenueProvince":"","_VenueState":"","_VenueZip":"","_VenuePhone":"","_VenueURL":"","_VenueStateProvince":"","_VenueLat":"","_VenueLng":"","_VenueShowMap":false,"_VenueShowMapLink":false,"footnotes":""},"class_list":["post-7","page","type-page","status-publish","hentry"],"jetpack_sharing_enabled":true,"_links":{"self":[{"href":"https:\/\/newchambersingers.com\/it\/wp-json\/wp\/v2\/pages\/7","targetHints":{"allow":["GET"]}}],"collection":[{"href":"https:\/\/newchambersingers.com\/it\/wp-json\/wp\/v2\/pages"}],"about":[{"href":"https:\/\/newchambersingers.com\/it\/wp-json\/wp\/v2\/types\/page"}],"author":[{"embeddable":true,"href":"https:\/\/newchambersingers.com\/it\/wp-json\/wp\/v2\/users\/1"}],"replies":[{"embeddable":true,"href":"https:\/\/newchambersingers.com\/it\/wp-json\/wp\/v2\/comments?post=7"}],"version-history":[{"count":10,"href":"https:\/\/newchambersingers.com\/it\/wp-json\/wp\/v2\/pages\/7\/revisions"}],"predecessor-version":[{"id":881,"href":"https:\/\/newchambersingers.com\/it\/wp-json\/wp\/v2\/pages\/7\/revisions\/881"}],"wp:attachment":[{"href":"https:\/\/newchambersingers.com\/it\/wp-json\/wp\/v2\/media?parent=7"}],"curies":[{"name":"wp","href":"https:\/\/api.w.org\/{rel}","templated":true}]}}