{"id":642,"date":"2025-08-01T17:18:02","date_gmt":"2025-08-01T15:18:02","guid":{"rendered":"https:\/\/newchambersingers.com\/?page_id=642"},"modified":"2026-01-09T15:44:57","modified_gmt":"2026-01-09T14:44:57","slug":"concert-franck-les-sept-paroles-du-christ-en-croix","status":"publish","type":"page","link":"https:\/\/newchambersingers.com\/it\/concert-franck-les-sept-paroles-du-christ-en-croix\/","title":{"rendered":"zConcert: Franck: Les sept paroles du Christ en croix: 2 November 2025"},"content":{"rendered":"<figure class=\"wp-block-table\"><table><tbody><tr><td>Coro<\/td><td colspan=\"2\"><strong>I New Chamber Singers<\/strong><br><strong>Soprani<\/strong>: Barbara Lautiat, Bea Swanson, Carla Carri, Carlotta Caimi, Charlotte Baker, Diane Pereira, Helen Raiswell, India Clark, Ines Buono, Luisa Boccia, Marcella Mancini, Rhonda AbouHana, Tina Alberti<br><strong>Contralti:<\/strong> Alessandra Darin, Jo Glasier, Judith Faulkner, Lu Zarkovic, Mary Horan, Mary New, Monika Boothby, Parker Skutt<br><strong>Tenori:<\/strong> Alessio Paoletti, Chris Phillips, Franco Chiarini, Giacomo Salvatori, Shawn McGuire, Stephen Weiss<br><strong>Bassi:<\/strong> Andrew Cochlin, Jim McManus, J\u00f6rg Schaden, Roberto Di Mattei, Thomas Hofer, Tom Whalen, Vicente Morgado<\/td><td><\/td><\/tr><tr><td>Direttori<\/td><td colspan=\"2\"><a href=\"https:\/\/www.stpaulsrome.it\/stefano-vasselli-2\/\">Stefano Vasselli (1969 &#8211; )<\/a><br>Christoph Steiner-Heinlein<br>Francesco Malatesta<\/td><td><\/td><\/tr><tr><td>Orchestre<\/td><td colspan=\"2\"><a href=\"https:\/\/www.ceg-erlangen.de\/musik\/orchester\/\">Kammerorchester des Christian-Ernst-Gymnasium, Erlangen, Germania, Direttore Andreas Englhardt<\/a><br>St Paul\u2019s Orchestra, direttore e soloista Francesco Malatesta<\/td><td><\/td><\/tr><tr><td rowspan=\"4\">Programma<\/td><td>Idillio<\/td><td>Leo\u0161 Jan\u00e1\u010dek (1854 &#8211; 1928)<\/td><td>Kammerorchester des Christian-Ernst-Gymnasium<\/td><\/tr><tr><td>Dalla Suite n.3 in re magg. per orchestra BWV 1068, aria e gavotte I e II<\/td><td>Johann Sebastian Bach (1685 \u2013 1750)<\/td><td>L'orchestra di San Paolo<\/td><\/tr><tr><td>Concerto in Mi maggiore RV 269 \u201cLa Primavera\u201d: Allegro \u2013 Largo \u2013 Allegro pastorale<\/td><td>Antonio Vivaldi (1678 \u2013 1741)<\/td><td>L'orchestra di San Paolo<\/td><\/tr><tr><td><a href=\"https:\/\/en.wikipedia.org\/wiki\/Sayings_of_Jesus_on_the_cross\" target=\"_blank\" rel=\"noreferrer noopener\">Les sept paroles du Christ en croix<\/a><\/td><td><a href=\"https:\/\/en.wikipedia.org\/wiki\/C%C3%A9sar_Franck\">Cesar Franck (1822 &#8211; 1890)<\/a><\/td><td>Orchestre congiunte<br>I New Chamber Singers<\/td><\/tr><\/tbody><\/table><\/figure>\n\n\n\n<p class=\"\"><\/p>","protected":false},"excerpt":{"rendered":"<p>Choir New Chamber SingersSopranos: Barbara Lautiat, Bea Swanson, Carla Carri, Carlotta Caimi, Charlotte Baker, Diane Pereira, Helen Raiswell, India Clark, Ines Buono, Luisa Boccia, Marcella Mancini, Rhonda AbouHana, Tina AlbertiAltos: [&hellip;]<\/p>\n","protected":false},"author":1,"featured_media":0,"parent":0,"menu_order":0,"comment_status":"closed","ping_status":"closed","template":"","meta":{"nf_dc_page":"","_monsterinsights_skip_tracking":false,"_monsterinsights_sitenote_active":false,"_monsterinsights_sitenote_note":"","_monsterinsights_sitenote_category":0,"_EventAllDay":false,"_EventTimezone":"","_EventStartDate":"","_EventEndDate":"","_EventStartDateUTC":"","_EventEndDateUTC":"","_EventShowMap":false,"_EventShowMapLink":false,"_EventURL":"","_EventCost":"","_EventCostDescription":"","_EventCurrencySymbol":"","_EventCurrencyCode":"","_EventCurrencyPosition":"","_EventDateTimeSeparator":"","_EventTimeRangeSeparator":"","_EventOrganizerID":[],"_EventVenueID":[],"_OrganizerEmail":"","_OrganizerPhone":"","_OrganizerWebsite":"","_VenueAddress":"","_VenueCity":"","_VenueCountry":"","_VenueProvince":"","_VenueState":"","_VenueZip":"","_VenuePhone":"","_VenueURL":"","_VenueStateProvince":"","_VenueLat":"","_VenueLng":"","_VenueShowMap":false,"_VenueShowMapLink":false,"footnotes":""},"class_list":["post-642","page","type-page","status-publish","hentry"],"jetpack_sharing_enabled":true,"_links":{"self":[{"href":"https:\/\/newchambersingers.com\/it\/wp-json\/wp\/v2\/pages\/642","targetHints":{"allow":["GET"]}}],"collection":[{"href":"https:\/\/newchambersingers.com\/it\/wp-json\/wp\/v2\/pages"}],"about":[{"href":"https:\/\/newchambersingers.com\/it\/wp-json\/wp\/v2\/types\/page"}],"author":[{"embeddable":true,"href":"https:\/\/newchambersingers.com\/it\/wp-json\/wp\/v2\/users\/1"}],"replies":[{"embeddable":true,"href":"https:\/\/newchambersingers.com\/it\/wp-json\/wp\/v2\/comments?post=642"}],"version-history":[{"count":6,"href":"https:\/\/newchambersingers.com\/it\/wp-json\/wp\/v2\/pages\/642\/revisions"}],"predecessor-version":[{"id":1212,"href":"https:\/\/newchambersingers.com\/it\/wp-json\/wp\/v2\/pages\/642\/revisions\/1212"}],"wp:attachment":[{"href":"https:\/\/newchambersingers.com\/it\/wp-json\/wp\/v2\/media?parent=642"}],"curies":[{"name":"wp","href":"https:\/\/api.w.org\/{rel}","templated":true}]}}