{"id":535,"date":"2025-03-01T16:38:29","date_gmt":"2025-03-01T15:38:29","guid":{"rendered":"https:\/\/newchambersingers.com\/?page_id=535"},"modified":"2025-08-01T12:32:35","modified_gmt":"2025-08-01T10:32:35","slug":"concert-sacred-music-from-eastern-europe-1-june-2025","status":"publish","type":"page","link":"https:\/\/newchambersingers.com\/it\/concert-sacred-music-from-eastern-europe-1-june-2025\/","title":{"rendered":"zConcert: Sacred Music from Eastern Europe: 1 June 2025"},"content":{"rendered":"<figure class=\"wp-block-table\"><table class=\"has-fixed-layout\"><tbody><tr><td>Luogo<\/td><td><a href=\"https:\/\/en.wikipedia.org\/wiki\/St._Paul%27s_Within_the_Walls\">San Paolo entro le Mura<\/a>, via Nazionale, angolo via Napoli<\/td><\/tr><tr><td>Data e ora<\/td><td>1 Giugno 2025<\/td><\/tr><tr><td>Coro<\/td><td>Da Inghilterra: Ex Collegio; <br>Da Roma: I New Chamber Singers<\/td><\/tr><tr><td>Direttori<\/td><td>Tim Venvell e <a href=\"https:\/\/www.stpaulsrome.it\/stefano-vasselli-2\/\">Stefano Vasselli<\/a><\/td><\/tr><tr><td>Organista<\/td><td><a href=\"https:\/\/www.stpaulsrome.it\/stefano-vasselli-2\/\">Stefano Vasselli<\/a><\/td><\/tr><tr><td>Orchestra<\/td><td>L'orchestra di San Paolo<\/td><\/tr><tr><td>Solisti<\/td><td>Da definire<\/td><\/tr><tr><td colspan=\"2\">Programma<\/td><\/tr><tr><td><a href=\"https:\/\/en.wikipedia.org\/wiki\/Mass_in_D_major_(Dvo%C5%99%C3%A1k)\">Messa in Re<\/a><\/td><td><a href=\"https:\/\/en.wikipedia.org\/wiki\/Philip_Stopford\">Anton\u00edn Dvo\u0159\u00e1k (1841 \u2013 1904)<\/a><\/td><\/tr><tr><td>Bogoroditse dyevo (Rejoice, O Virgin)<\/td><td><a href=\"https:\/\/en.wikipedia.org\/wiki\/Sergei_Rachmaninoff\">Sergei Rachmaninoff (1873 &#8211; 1943)<\/a><\/td><\/tr><tr><td>I will love thee<\/td><td><a href=\"https:\/\/en.wikipedia.org\/wiki\/Viktor_Kalinnikov\">Viktor Kalinnikov (1870 &#8211; 1927)<\/a><\/td><\/tr><tr><td>V\u00e9cheri Tvoyey\u00e1 t\u00e1yn\u00efya (Of thy mystical supper)<\/td><td><a href=\"https:\/\/en.wikipedia.org\/wiki\/Alec_Rowley\">Alexander Gretchaninov (1864 \u2013 1956)<\/a><\/td><\/tr><tr><td><a href=\"https:\/\/en.wikipedia.org\/wiki\/Symphony_of_Psalms\">Sinfonia dei Salmi<\/a><\/td><td><a href=\"https:\/\/en.wikipedia.org\/wiki\/Igor_Stravinsky\">Igor Stravinsky (1882 &#8211; 1971)<\/a><\/td><\/tr><\/tbody><\/table><\/figure>","protected":false},"excerpt":{"rendered":"<p>Venue St Paul&#8217;s Within the Walls, via Nazionale, angolo via Napoli Date and Time 1st June 2025: 18:30 Choir From England: Ex Collegio; From Rome: New Chamber Singers Conductors Tim [&hellip;]<\/p>\n","protected":false},"author":1,"featured_media":0,"parent":0,"menu_order":0,"comment_status":"closed","ping_status":"closed","template":"","meta":{"nf_dc_page":"","_monsterinsights_skip_tracking":false,"_monsterinsights_sitenote_active":false,"_monsterinsights_sitenote_note":"","_monsterinsights_sitenote_category":0,"_EventAllDay":false,"_EventTimezone":"","_EventStartDate":"","_EventEndDate":"","_EventStartDateUTC":"","_EventEndDateUTC":"","_EventShowMap":false,"_EventShowMapLink":false,"_EventURL":"","_EventCost":"","_EventCostDescription":"","_EventCurrencySymbol":"","_EventCurrencyCode":"","_EventCurrencyPosition":"","_EventDateTimeSeparator":"","_EventTimeRangeSeparator":"","_EventOrganizerID":[],"_EventVenueID":[],"_OrganizerEmail":"","_OrganizerPhone":"","_OrganizerWebsite":"","_VenueAddress":"","_VenueCity":"","_VenueCountry":"","_VenueProvince":"","_VenueState":"","_VenueZip":"","_VenuePhone":"","_VenueURL":"","_VenueStateProvince":"","_VenueLat":"","_VenueLng":"","_VenueShowMap":false,"_VenueShowMapLink":false,"footnotes":""},"class_list":["post-535","page","type-page","status-publish","hentry"],"jetpack_sharing_enabled":true,"_links":{"self":[{"href":"https:\/\/newchambersingers.com\/it\/wp-json\/wp\/v2\/pages\/535","targetHints":{"allow":["GET"]}}],"collection":[{"href":"https:\/\/newchambersingers.com\/it\/wp-json\/wp\/v2\/pages"}],"about":[{"href":"https:\/\/newchambersingers.com\/it\/wp-json\/wp\/v2\/types\/page"}],"author":[{"embeddable":true,"href":"https:\/\/newchambersingers.com\/it\/wp-json\/wp\/v2\/users\/1"}],"replies":[{"embeddable":true,"href":"https:\/\/newchambersingers.com\/it\/wp-json\/wp\/v2\/comments?post=535"}],"version-history":[{"count":8,"href":"https:\/\/newchambersingers.com\/it\/wp-json\/wp\/v2\/pages\/535\/revisions"}],"predecessor-version":[{"id":621,"href":"https:\/\/newchambersingers.com\/it\/wp-json\/wp\/v2\/pages\/535\/revisions\/621"}],"wp:attachment":[{"href":"https:\/\/newchambersingers.com\/it\/wp-json\/wp\/v2\/media?parent=535"}],"curies":[{"name":"wp","href":"https:\/\/api.w.org\/{rel}","templated":true}]}}