{"id":51,"date":"2024-08-18T17:31:27","date_gmt":"2024-08-18T17:31:27","guid":{"rendered":"https:\/\/campionquartet.com\/newchambersingersnew\/?page_id=51"},"modified":"2024-08-18T17:31:37","modified_gmt":"2024-08-18T17:31:37","slug":"informativa-per-il-trattamento-dei-dati-personali","status":"publish","type":"page","link":"https:\/\/newchambersingers.com\/it\/informativa-per-il-trattamento-dei-dati-personali\/","title":{"rendered":"Informativa per il trattamento dei dati personali"},"content":{"rendered":"<p class=\"\">I New Chamber Singers, con sede legale presso All Saints Church, via del Babuino 153, 00187 Roma (RM) (in seguito, \u201cTitolare\u201d), in qualit\u00e0 di titolare del trattamento, Vi informa ai sensi dell\u2019art. 13 D.Lgs. 30.06.2003 n. 196 (in seguito, \u201cCodice Privacy\u201d) e dell\u2019art. 13 Regolamento UE n. 2016\/679 (in seguito, \u201cGDPR\u201d) che i Vostri dati saranno trattati con le modalit\u00e0 e per le finalit\u00e0 seguenti:<\/p>\n\n\n\n<h2 class=\"wp-block-heading\">1. Oggetto del trattamento<\/h2>\n\n\n\n<p class=\"\">Il Titolare tratta i dati personali, identificativi e non sensibili (a titolo esemplificativo ma non esaustivo, nome, cognome, ragione sociale, indirizzo, telefono, e-mail \u2013 in seguito, \u201cdati personali\u201d o anche \u201cdati\u201d) da Voi comunicati in occasione della richiesta di contatto eseguita sul sito web www.softword-srl-com del Titolare (in seguito, \u201cSito\u201d).<\/p>\n\n\n\n<h2 class=\"wp-block-heading\">2. Finalit\u00e0 del trattamento<\/h2>\n\n\n\n<p class=\"\">I Vostri dati personali sono trattati:<\/p>\n\n\n\n<ul class=\"wp-block-list\">\n<li class=\"\">A. senza il Vostro consenso espresso (art. 24 lett. a), b), c) Codice Privacy e art. 6 lett. b), e) GDPR), per le seguenti Finalit\u00e0 di Servizio:\n<ul class=\"wp-block-list\">\n<li class=\"\">gestire e mantenere il Sito;<\/li>\n\n\n\n<li class=\"\">permetterVi di fruire dei Servizi eventualmente da Voi richiesti;<\/li>\n\n\n\n<li class=\"\">partecipare tramite il Sito ad iniziative organizzate dal Titolare (ad esempio, eventi);<\/li>\n\n\n\n<li class=\"\">processare una richiesta di contatto;<\/li>\n\n\n\n<li class=\"\">adempiere agli obblighi previsti dalla legge, da un regolamento, dalla normativa comunitaria o da un ordine dell\u2019Autorit\u00e0;<\/li>\n\n\n\n<li class=\"\">adempiere obblighi connessi alla gestione dell\u2019associazione e dei rapporti con i soci;<\/li>\n\n\n\n<li class=\"\">prevenire o scoprire attivit\u00e0 fraudolente o abusi dannosi per il Sito;<\/li>\n\n\n\n<li class=\"\">esercitare i diritti del Titolare, ad esempio il diritto di esercizio di un diritto in sede giudiziaria.<\/li>\n<\/ul>\n<\/li>\n\n\n\n<li class=\"\">B. solo previo Vostro specifico e distinto consenso (artt. 23 e 130 Codice Privacy e art. 7 GDPR), per le seguenti Altre Finalit\u00e0\n<ul class=\"wp-block-list\">\n<li class=\"\">inviarVi via e-mail sondaggi di opinione e di gradimento, newsletter e\/o inviti ad eventi o iscriverVi ad eventi di cui \u00e8 parte o che organizza il Titolare.<\/li>\n<\/ul>\n<\/li>\n<\/ul>\n\n\n\n<h2 class=\"wp-block-heading\">3. Modalit\u00e0 del trattamento<\/h2>\n\n\n\n<p class=\"\">I dati personali sono trattati con strumenti automatizzati per il tempo strettamente necessario a conseguire gli scopi per cui sono stati raccolti. Specifiche misure di sicurezza sono osservate per prevenire la perdita dei dati, usi illeciti o non corretti ed accessi non autorizzati.<\/p>\n\n\n\n<h2 class=\"wp-block-heading\">4. Accesso ai dati<\/h2>\n\n\n\n<p class=\"\">I Vostri dati saranno accessibili per le finalit\u00e0 di cui all\u2019art. 2.A) e 2.B) esclusivamente al Titolare.<\/p>\n\n\n\n<h2 class=\"wp-block-heading\">5. Comunicazione dei dati<\/h2>\n\n\n\n<p class=\"\">Senza il Vostro espresso consenso (ex art. 24 lett. a), b), d) Codice Privacy e art. 6 lett. b) e c) GDPR), il Titolare potr\u00e0 comunicare i Vostri dati per le finalit\u00e0 di cui all\u2019art. 2.A) a Organismi di vigilanza, Autorit\u00e0 giudiziarie nonch\u00e9 a tutti gli altri soggetti ai quali la comunicazione sia obbligatoria per legge per l\u2019espletamento delle finalit\u00e0 dette. I Vostri dati non saranno diffusi.<\/p>\n\n\n\n<h2 class=\"wp-block-heading\">6. Luogo di trattamento dei dati<\/h2>\n\n\n\n<p class=\"\">Il trattamento dei dati connessi all\u2019utilizzo del sito web ha luogo presso la predetta sede a cura esclusiva del Titolare. I dati personali forniti dagli utenti attraverso i moduli di contatto\/richiesta presenti nel sito sono utilizzati al solo fine di eseguire il servizio richiesto e non sono comunicati a terzi.<\/p>\n\n\n\n<h2 class=\"wp-block-heading\">7. Natura del conferimento dei dati e conseguenze del rifiuto di rispondere<\/h2>\n\n\n\n<p class=\"\">Il conferimento dei dati per le finalit\u00e0 di cui all\u2019art. 2.A) \u00e8 obbligatorio. In loro assenza, non potremo garantirVi n\u00e9 la registrazione al Sito n\u00e9 i Servizi dell\u2019art. 2.A).Il conferimento dei dati per le finalit\u00e0 di cui all\u2019art. 2.B) \u00e8 invece facoltativo. Potete quindi decidere di non conferire alcun dato o di negare successivamente la possibilit\u00e0 di trattare dati gi\u00e0 forniti.<\/p>\n\n\n\n<h2 class=\"wp-block-heading\">8. Diritti dell\u2019interessato<\/h2>\n\n\n\n<p class=\"\">Nella Vostra qualit\u00e0 di interessati, avete i diritti di cui all\u2019art. 7 Codice Privacy e art. 15 GDPR e precisamente i diritti di:<\/p>\n\n\n\n<ul class=\"wp-block-list\">\n<li class=\"\">i. ottenere la conferma dell&#8217;esistenza o meno di dati personali che Vi riguardano, anche se non ancora registrati, e la loro comunicazione in forma intelligibile;<\/li>\n\n\n\n<li class=\"\">ii. ottenere l&#8217;indicazione: a) dell&#8217;origine dei dati personali; b) delle finalit\u00e0 e modalit\u00e0 del trattamento; c) della logica applicata in caso di trattamento effettuato con l&#8217;ausilio di strumenti elettronici; d) degli estremi identificativi del titolare, dei responsabili e del rappresentante designato ai sensi dell&#8217;art. 5, comma 2 Codice Privacy e art. 3, comma 1, GDPR; e) dei soggetti o delle categorie di soggetti ai quali i dati personali possono essere comunicati o che possono venirne a conoscenza in qualit\u00e0 di rappresentante designato nel territorio dello Stato, di responsabili o incaricati;<\/li>\n\n\n\n<li class=\"\">iii. ottenere: a) l&#8217;aggiornamento, la rettificazione ovvero, quando vi avete interesse, l&#8217;integrazione dei dati; b) la cancellazione, la trasformazione in forma anonima o il blocco dei dati trattati in violazione di legge, compresi quelli di cui non \u00e8 necessaria la conservazione in relazione agli scopi per i quali i dati sono stati raccolti o successivamente trattati; c) l&#8217;attestazione che le operazioni di cui alle lettere a) e b) sono state portate a conoscenza, anche per quanto riguarda il loro contenuto, di coloro ai quali i dati sono stati comunicati o diffusi, eccettuato il caso in cui tale adempimento si rivela impossibile o comporta un impiego di mezzi manifestamente sproporzionato rispetto al diritto tutelato;<\/li>\n\n\n\n<li class=\"\">iv. opporsi, in tutto o in parte: a) per motivi legittimi al trattamento dei dati personali che Vi riguardano, ancorch\u00e9 pertinenti allo scopo della raccolta; b) al trattamento di dati personali che Vi riguardano a fini di invio di materiale pubblicitario o di vendita diretta o per il compimento di ricerche di mercato o di comunicazione commerciale, mediante l\u2019uso di sistemi automatizzati di chiamata senza l\u2019intervento di un operatore mediante e-mail e\/o mediante modalit\u00e0 di marketing tradizionali mediante telefono e\/o posta cartacea. Si fa presente che il diritto di opposizione dell\u2019interessato, esposto al precedente punto b), per finalit\u00e0 di marketing diretto mediante modalit\u00e0 automatizzate si estende a quelle tradizionali e che comunque resta salva la possibilit\u00e0 per l\u2019interessato di esercitare il diritto di opposizione anche solo in parte. Pertanto, l\u2019interessato pu\u00f2 decidere di ricevere solo comunicazioni mediante modalit\u00e0 tradizionali ovvero solo comunicazioni automatizzate oppure nessuna delle due tipologie di comunicazione.<\/li>\n<\/ul>\n\n\n\n<p class=\"\">Ove applicabili, avete altres\u00ec i diritti di cui agli artt. 16-21 GDPR (Diritto di rettifica, diritto all\u2019oblio, diritto di limitazione di trattamento, diritto alla portabilit\u00e0 dei dati, diritto di opposizione), nonch\u00e9 il diritto di reclamo all\u2019Autorit\u00e0 Garante.<\/p>\n\n\n\n<h2 class=\"wp-block-heading\">9. Modalit\u00e0 di esercizio dei diritti<\/h2>\n\n\n\n<p class=\"\">Potrete in qualsiasi momento esercitare i diritti inviando:<\/p>\n\n\n\n<ul class=\"wp-block-list\">\n<li class=\"\">una e-mail all\u2019indirizzo info@newchambersingers.com.<\/li>\n\n\n\n<li class=\"\">una raccomandata a.r. a The New Chamber Singers, presso All Saints Church, via del Babuino 153, 00187 Roma (RM)<\/li>\n<\/ul>\n\n\n\n<h2 class=\"wp-block-heading\">10. Minori<\/h2>\n\n\n\n<p class=\"\">Questo Sito e i Servizi del Titolare non sono destinati a minori di 18 anni e il Titolare non raccoglie intenzionalmente informazioni personali riferite ai minori. Nel caso in cui informazioni su minori fossero involontariamente registrate, il Titolare le canceller\u00e0 in modo tempestivo, su richiesta degli utenti.<\/p>\n\n\n\n<h2 class=\"wp-block-heading\">11. Titolare, responsabile e incaricati<\/h2>\n\n\n\n<p class=\"\">Il Titolare e responsabile del trattamento \u00e8 il Presidente di The New Chamber Singers, presso All Saints Church, via del Babuino 153, 00187 Roma (RM).<\/p>\n\n\n\n<h2 class=\"wp-block-heading\">12. Cookie<\/h2>\n\n\n\n<p class=\"\">Non viene fatto uso di cookies per la trasmissione di informazioni di carattere personale, n\u00e9 vengono utilizzati c.d. cookies persistenti di alcun tipo, ovvero sistemi per il tracciamento degli utenti. L\u2019uso di c.d. cookies di sessione (che non vengono memorizzati in modo persistente sul computer dell\u2019utente e svaniscono con la chiusura del browser) \u00e8 strettamente limitato alla trasmissione di identificativi di sessione (costituiti da numeri casuali generati dal server) necessari per consentire l\u2019esplorazione sicura ed efficiente del sito. I c.d. cookies di sessione utilizzati in questo sito evitano il ricorso ad altre tecniche informatiche potenzialmente pregiudizievoli per la riservatezza della navigazione degli utenti e non consentono l\u2019acquisizione di dati personali identificativi dell\u2019utente.<\/p>\n\n\n\n<h2 class=\"wp-block-heading\">13. Modifiche alla presente Informativa<\/h2>\n\n\n\n<p class=\"\">La presente Informativa pu\u00f2 subire variazioni. Si consiglia, quindi, di controllare regolarmente questa Informativa e di riferirsi alla versione pi\u00f9 aggiornata.<\/p>","protected":false},"excerpt":{"rendered":"<p>I New Chamber Singers, con sede legale presso All Saints Church, via del Babuino 153, 00187 Roma (RM) (in seguito, \u201cTitolare\u201d), in qualit\u00e0 di titolare del trattamento, Vi informa ai [&hellip;]<\/p>\n","protected":false},"author":1,"featured_media":0,"parent":0,"menu_order":0,"comment_status":"closed","ping_status":"closed","template":"","meta":{"nf_dc_page":"","_monsterinsights_skip_tracking":false,"_monsterinsights_sitenote_active":false,"_monsterinsights_sitenote_note":"","_monsterinsights_sitenote_category":0,"_EventAllDay":false,"_EventTimezone":"","_EventStartDate":"","_EventEndDate":"","_EventStartDateUTC":"","_EventEndDateUTC":"","_EventShowMap":false,"_EventShowMapLink":false,"_EventURL":"","_EventCost":"","_EventCostDescription":"","_EventCurrencySymbol":"","_EventCurrencyCode":"","_EventCurrencyPosition":"","_EventDateTimeSeparator":"","_EventTimeRangeSeparator":"","_EventOrganizerID":[],"_EventVenueID":[],"_OrganizerEmail":"","_OrganizerPhone":"","_OrganizerWebsite":"","_VenueAddress":"","_VenueCity":"","_VenueCountry":"","_VenueProvince":"","_VenueState":"","_VenueZip":"","_VenuePhone":"","_VenueURL":"","_VenueStateProvince":"","_VenueLat":"","_VenueLng":"","_VenueShowMap":false,"_VenueShowMapLink":false,"footnotes":""},"class_list":["post-51","page","type-page","status-publish","hentry"],"jetpack_sharing_enabled":true,"_links":{"self":[{"href":"https:\/\/newchambersingers.com\/it\/wp-json\/wp\/v2\/pages\/51","targetHints":{"allow":["GET"]}}],"collection":[{"href":"https:\/\/newchambersingers.com\/it\/wp-json\/wp\/v2\/pages"}],"about":[{"href":"https:\/\/newchambersingers.com\/it\/wp-json\/wp\/v2\/types\/page"}],"author":[{"embeddable":true,"href":"https:\/\/newchambersingers.com\/it\/wp-json\/wp\/v2\/users\/1"}],"replies":[{"embeddable":true,"href":"https:\/\/newchambersingers.com\/it\/wp-json\/wp\/v2\/comments?post=51"}],"version-history":[{"count":1,"href":"https:\/\/newchambersingers.com\/it\/wp-json\/wp\/v2\/pages\/51\/revisions"}],"predecessor-version":[{"id":52,"href":"https:\/\/newchambersingers.com\/it\/wp-json\/wp\/v2\/pages\/51\/revisions\/52"}],"wp:attachment":[{"href":"https:\/\/newchambersingers.com\/it\/wp-json\/wp\/v2\/media?parent=51"}],"curies":[{"name":"wp","href":"https:\/\/api.w.org\/{rel}","templated":true}]}}