{"id":1553,"date":"2026-05-12T15:39:03","date_gmt":"2026-05-12T13:39:03","guid":{"rendered":"https:\/\/newchambersingers.com\/?page_id=1553"},"modified":"2026-05-12T16:07:44","modified_gmt":"2026-05-12T14:07:44","slug":"singing-for-the-archbishop-of-canterbury","status":"publish","type":"page","link":"https:\/\/newchambersingers.com\/it\/singing-for-the-archbishop-of-canterbury\/","title":{"rendered":"Cantare per l'Arcivescovo di Canterbury"},"content":{"rendered":"<p class=\"\">The New Chamber Singers \u00e8 un coro aperto a ogni credo religioso. Sebbene conti molti anglicani e cattolici praticanti (alcuni dei quali appartenenti a ordini religiosi), tenga la maggior parte delle prove e dei concerti presso la Chiesa Anglicana di All Saints a Roma e diversi suoi membri facciano anche parte delle formazioni corali delle rispettive chiese locali, il coro canta musica sacra e profana e non \u00e8 il coro di All Saints o di nessuna altra chiesa.<\/p>\n\n\n\n<p class=\"\">Tuttavia, \u00e8 stato con grande piacere che tutti i membri del coro hanno accettato di unirsi al coro della chiesa di Ognissanti in occasione della visita a Roma del neonominato Arcivescovo di Canterbury, Sarah Mullally.<\/p>\n\n\n\n<p class=\"\">Lo scopo della visita era quello di promuovere il movimento ecumenico che sta avvicinando sempre di pi\u00f9 le Chiese anglicana e cattolica, ed \u00e8 stata una visita davvero storica, poich\u00e9 si \u00e8 trattato della prima visita in assoluto di una donna Arcivescovo di Canterbury a Roma per un'udienza con Sua Santit\u00e0 il Papa.<\/p>\n\n\n\n<p class=\"\">Il coro ha accompagnato il coro della chiesa di All Saints nell'esecuzione della Santa Comunione la mattina di domenica 26 aprile 2026 e successivamente nell'esecuzione dei Vespri Corali nella Chiesa dei Gesuiti di Sant'Ignazio di Loyola luned\u00ec 27. Entrambi gli eventi sono stati diretti da Joey Draycott, con Gabriele Catalucci all'organo. Alcuni membri del coro hanno anche cantato i Vespri Corali presso la chiesa di St. Paul's Within the Walls la domenica sera.<\/p>\n\n\n\n<p class=\"\">Ecco alcune foto degli eventi, con un video in fondo:<\/p>\n\n\n\n<figure class=\"wp-block-gallery has-nested-images columns-default is-cropped wp-block-gallery-1 is-layout-flex wp-block-gallery-is-layout-flex\">\n<figure class=\"is-style-rounded wp-block-image size-large\"><img data-recalc-dims=\"1\" loading=\"lazy\" decoding=\"async\" width=\"768\" height=\"1024\" data-id=\"1562\" src=\"https:\/\/i0.wp.com\/newchambersingers.com\/wp-content\/uploads\/2026\/05\/procession-at-all-saints.jpeg?resize=768%2C1024&#038;ssl=1\" alt=\"\" class=\"wp-image-1562\" srcset=\"https:\/\/i0.wp.com\/newchambersingers.com\/wp-content\/uploads\/2026\/05\/procession-at-all-saints.jpeg?resize=768%2C1024&amp;ssl=1 768w, https:\/\/i0.wp.com\/newchambersingers.com\/wp-content\/uploads\/2026\/05\/procession-at-all-saints.jpeg?resize=225%2C300&amp;ssl=1 225w, https:\/\/i0.wp.com\/newchambersingers.com\/wp-content\/uploads\/2026\/05\/procession-at-all-saints.jpeg?resize=1152%2C1536&amp;ssl=1 1152w, https:\/\/i0.wp.com\/newchambersingers.com\/wp-content\/uploads\/2026\/05\/procession-at-all-saints.jpeg?resize=9%2C12&amp;ssl=1 9w, https:\/\/i0.wp.com\/newchambersingers.com\/wp-content\/uploads\/2026\/05\/procession-at-all-saints.jpeg?w=1200&amp;ssl=1 1200w\" sizes=\"auto, (max-width: 768px) 100vw, 768px\" \/><figcaption class=\"wp-element-caption\"><strong>Processione ad All Saints<\/strong><\/figcaption><\/figure>\n\n\n\n<figure class=\"is-style-rounded wp-block-image size-large\"><img data-recalc-dims=\"1\" loading=\"lazy\" decoding=\"async\" width=\"1024\" height=\"652\" data-id=\"1561\" src=\"https:\/\/i0.wp.com\/newchambersingers.com\/wp-content\/uploads\/2026\/05\/during-the-baptism.jpeg?resize=1024%2C652&#038;ssl=1\" alt=\"\" class=\"wp-image-1561\" srcset=\"https:\/\/i0.wp.com\/newchambersingers.com\/wp-content\/uploads\/2026\/05\/during-the-baptism.jpeg?resize=1024%2C652&amp;ssl=1 1024w, https:\/\/i0.wp.com\/newchambersingers.com\/wp-content\/uploads\/2026\/05\/during-the-baptism.jpeg?resize=300%2C191&amp;ssl=1 300w, https:\/\/i0.wp.com\/newchambersingers.com\/wp-content\/uploads\/2026\/05\/during-the-baptism.jpeg?resize=768%2C489&amp;ssl=1 768w, https:\/\/i0.wp.com\/newchambersingers.com\/wp-content\/uploads\/2026\/05\/during-the-baptism.jpeg?resize=1536%2C978&amp;ssl=1 1536w, https:\/\/i0.wp.com\/newchambersingers.com\/wp-content\/uploads\/2026\/05\/during-the-baptism.jpeg?resize=18%2C12&amp;ssl=1 18w, https:\/\/i0.wp.com\/newchambersingers.com\/wp-content\/uploads\/2026\/05\/during-the-baptism.jpeg?w=1600&amp;ssl=1 1600w\" sizes=\"auto, (max-width: 1000px) 100vw, 1000px\" \/><figcaption class=\"wp-element-caption\"><strong>Celebrare un battesimo<\/strong><\/figcaption><\/figure>\n\n\n\n<figure class=\"is-style-rounded wp-block-image size-large\"><img loading=\"lazy\" decoding=\"async\" width=\"2048\" height=\"1362\" data-id=\"1566\" src=\"https:\/\/i0.wp.com\/newchambersingers.com\/wp-content\/uploads\/2026\/05\/Serving-the-host2.jpg?fit=1024%2C681&amp;ssl=1\" alt=\"\" class=\"wp-image-1566\" srcset=\"https:\/\/i0.wp.com\/newchambersingers.com\/wp-content\/uploads\/2026\/05\/Serving-the-host2.jpg?w=2048&amp;ssl=1 2048w, https:\/\/i0.wp.com\/newchambersingers.com\/wp-content\/uploads\/2026\/05\/Serving-the-host2.jpg?resize=300%2C200&amp;ssl=1 300w, https:\/\/i0.wp.com\/newchambersingers.com\/wp-content\/uploads\/2026\/05\/Serving-the-host2.jpg?resize=1024%2C681&amp;ssl=1 1024w, https:\/\/i0.wp.com\/newchambersingers.com\/wp-content\/uploads\/2026\/05\/Serving-the-host2.jpg?resize=768%2C511&amp;ssl=1 768w, https:\/\/i0.wp.com\/newchambersingers.com\/wp-content\/uploads\/2026\/05\/Serving-the-host2.jpg?resize=1536%2C1022&amp;ssl=1 1536w, https:\/\/i0.wp.com\/newchambersingers.com\/wp-content\/uploads\/2026\/05\/Serving-the-host2.jpg?resize=18%2C12&amp;ssl=1 18w\" sizes=\"auto, (max-width: 1000px) 100vw, 1000px\" \/><figcaption class=\"wp-element-caption\"><strong>Celebrare la comunione<\/strong><\/figcaption><\/figure>\n\n\n\n<figure class=\"is-style-rounded wp-block-image size-large\"><img data-recalc-dims=\"1\" loading=\"lazy\" decoding=\"async\" width=\"707\" height=\"1000\" data-id=\"1558\" src=\"https:\/\/i0.wp.com\/newchambersingers.com\/wp-content\/uploads\/2026\/05\/order_of_service-at-s-ignazio.jpeg?resize=707%2C1000&#038;ssl=1\" alt=\"\" class=\"wp-image-1558\" srcset=\"https:\/\/i0.wp.com\/newchambersingers.com\/wp-content\/uploads\/2026\/05\/order_of_service-at-s-ignazio.jpeg?w=707&amp;ssl=1 707w, https:\/\/i0.wp.com\/newchambersingers.com\/wp-content\/uploads\/2026\/05\/order_of_service-at-s-ignazio.jpeg?resize=212%2C300&amp;ssl=1 212w, https:\/\/i0.wp.com\/newchambersingers.com\/wp-content\/uploads\/2026\/05\/order_of_service-at-s-ignazio.jpeg?resize=8%2C12&amp;ssl=1 8w\" sizes=\"auto, (max-width: 707px) 100vw, 707px\" \/><figcaption class=\"wp-element-caption\"><strong>Il foglio delle funzioni religiose presso Sant'Ignazio<\/strong><\/figcaption><\/figure>\n\n\n\n<figure class=\"is-style-rounded wp-block-image size-large\"><img data-recalc-dims=\"1\" loading=\"lazy\" decoding=\"async\" width=\"1024\" height=\"768\" data-id=\"1564\" src=\"https:\/\/i0.wp.com\/newchambersingers.com\/wp-content\/uploads\/2026\/05\/team-picture2.jpeg?resize=1024%2C768&#038;ssl=1\" alt=\"\" class=\"wp-image-1564\" srcset=\"https:\/\/i0.wp.com\/newchambersingers.com\/wp-content\/uploads\/2026\/05\/team-picture2.jpeg?resize=1024%2C768&amp;ssl=1 1024w, https:\/\/i0.wp.com\/newchambersingers.com\/wp-content\/uploads\/2026\/05\/team-picture2.jpeg?resize=300%2C225&amp;ssl=1 300w, https:\/\/i0.wp.com\/newchambersingers.com\/wp-content\/uploads\/2026\/05\/team-picture2.jpeg?resize=768%2C576&amp;ssl=1 768w, https:\/\/i0.wp.com\/newchambersingers.com\/wp-content\/uploads\/2026\/05\/team-picture2.jpeg?resize=1536%2C1152&amp;ssl=1 1536w, https:\/\/i0.wp.com\/newchambersingers.com\/wp-content\/uploads\/2026\/05\/team-picture2.jpeg?resize=16%2C12&amp;ssl=1 16w, https:\/\/i0.wp.com\/newchambersingers.com\/wp-content\/uploads\/2026\/05\/team-picture2.jpeg?w=1600&amp;ssl=1 1600w\" sizes=\"auto, (max-width: 1000px) 100vw, 1000px\" \/><figcaption class=\"wp-element-caption\"><strong>La foto di squadra<\/strong><\/figcaption><\/figure>\n\n\n\n<figure class=\"is-style-rounded wp-block-image size-large\"><img data-recalc-dims=\"1\" loading=\"lazy\" decoding=\"async\" width=\"768\" height=\"1024\" data-id=\"1568\" src=\"https:\/\/i0.wp.com\/newchambersingers.com\/wp-content\/uploads\/2026\/05\/appreciation-for-the-choir-1.jpeg?resize=768%2C1024&#038;ssl=1\" alt=\"\" class=\"wp-image-1568\" srcset=\"https:\/\/i0.wp.com\/newchambersingers.com\/wp-content\/uploads\/2026\/05\/appreciation-for-the-choir-1.jpeg?w=768&amp;ssl=1 768w, https:\/\/i0.wp.com\/newchambersingers.com\/wp-content\/uploads\/2026\/05\/appreciation-for-the-choir-1.jpeg?resize=225%2C300&amp;ssl=1 225w, https:\/\/i0.wp.com\/newchambersingers.com\/wp-content\/uploads\/2026\/05\/appreciation-for-the-choir-1.jpeg?resize=9%2C12&amp;ssl=1 9w\" sizes=\"auto, (max-width: 768px) 100vw, 768px\" \/><figcaption class=\"wp-element-caption\"><strong>Sua Grazia ringrazia il coro<\/strong><\/figcaption><\/figure>\n<\/figure>\n\n\n\n<figure class=\"wp-block-video\"><video height=\"850\" style=\"aspect-ratio: 478 \/ 850;\" width=\"478\" controls src=\"https:\/\/newchambersingers.com\/wp-content\/uploads\/2026\/05\/Procession-at-S.-Ignazio-1.mp4\"><\/video><figcaption class=\"wp-element-caption\">Procession at S. Ignazio<\/figcaption><\/figure>\n\n\n\n<p class=\"\"><\/p>","protected":false},"excerpt":{"rendered":"<p>The New Chamber Singers is a non-sectarian choir. It is true that it has many practicing Anglicans and Catholics amongst its members, including some who have taken holy orders. It [&hellip;]<\/p>\n","protected":false},"author":1,"featured_media":0,"parent":0,"menu_order":0,"comment_status":"closed","ping_status":"closed","template":"","meta":{"nf_dc_page":"","_monsterinsights_skip_tracking":false,"_monsterinsights_sitenote_active":false,"_monsterinsights_sitenote_note":"","_monsterinsights_sitenote_category":0,"_EventAllDay":false,"_EventTimezone":"","_EventStartDate":"","_EventEndDate":"","_EventStartDateUTC":"","_EventEndDateUTC":"","_EventShowMap":false,"_EventShowMapLink":false,"_EventURL":"","_EventCost":"","_EventCostDescription":"","_EventCurrencySymbol":"","_EventCurrencyCode":"","_EventCurrencyPosition":"","_EventDateTimeSeparator":"","_EventTimeRangeSeparator":"","_EventOrganizerID":[],"_EventVenueID":[],"_OrganizerEmail":"","_OrganizerPhone":"","_OrganizerWebsite":"","_VenueAddress":"","_VenueCity":"","_VenueCountry":"","_VenueProvince":"","_VenueState":"","_VenueZip":"","_VenuePhone":"","_VenueURL":"","_VenueStateProvince":"","_VenueLat":"","_VenueLng":"","_VenueShowMap":false,"_VenueShowMapLink":false,"footnotes":""},"class_list":["post-1553","page","type-page","status-publish","hentry"],"jetpack_sharing_enabled":true,"_links":{"self":[{"href":"https:\/\/newchambersingers.com\/it\/wp-json\/wp\/v2\/pages\/1553","targetHints":{"allow":["GET"]}}],"collection":[{"href":"https:\/\/newchambersingers.com\/it\/wp-json\/wp\/v2\/pages"}],"about":[{"href":"https:\/\/newchambersingers.com\/it\/wp-json\/wp\/v2\/types\/page"}],"author":[{"embeddable":true,"href":"https:\/\/newchambersingers.com\/it\/wp-json\/wp\/v2\/users\/1"}],"replies":[{"embeddable":true,"href":"https:\/\/newchambersingers.com\/it\/wp-json\/wp\/v2\/comments?post=1553"}],"version-history":[{"count":6,"href":"https:\/\/newchambersingers.com\/it\/wp-json\/wp\/v2\/pages\/1553\/revisions"}],"predecessor-version":[{"id":1576,"href":"https:\/\/newchambersingers.com\/it\/wp-json\/wp\/v2\/pages\/1553\/revisions\/1576"}],"wp:attachment":[{"href":"https:\/\/newchambersingers.com\/it\/wp-json\/wp\/v2\/media?parent=1553"}],"curies":[{"name":"wp","href":"https:\/\/api.w.org\/{rel}","templated":true}]}}