{"id":537,"date":"2025-03-01T17:24:05","date_gmt":"2025-03-01T16:24:05","guid":{"rendered":"https:\/\/newchambersingers.com\/?page_id=537"},"modified":"2025-08-01T12:31:44","modified_gmt":"2025-08-01T10:31:44","slug":"concert-antonin-dvorak-mass-in-d-31-may-2025","status":"publish","type":"page","link":"https:\/\/newchambersingers.com\/en\/concert-antonin-dvorak-mass-in-d-31-may-2025\/","title":{"rendered":"zConcert: Antonin Dvorak: Mass in D: 31 May 2025"},"content":{"rendered":"\n<figure class=\"wp-block-table\"><table class=\"has-fixed-layout\"><tbody><tr><td>Venue<\/td><td><a href=\"https:\/\/en.wikipedia.org\/wiki\/Basilica_of_Saint_Paul_Outside_the_Walls\">Basilica of St. Paul&#8217;s Outside the Walls<\/a><\/td><\/tr><tr><td>Date and Time<\/td><td>31st May 2025: 15:00<\/td><\/tr><tr><td>Choir<\/td><td>From England: Ex Collegio<br>From Rome: New Chamber Singers<\/td><\/tr><tr><td>Conductors<\/td><td>Tim Venvell and <a href=\"https:\/\/www.stpaulsrome.it\/stefano-vasselli-2\/\">Stefano Vasselli<\/a><\/td><\/tr><tr><td>Organist<\/td><td><a href=\"https:\/\/www.stpaulsrome.it\/stefano-vasselli-2\/\">Stefano Vasselli<\/a><\/td><\/tr><tr><td>Soloists<\/td><td>TBD<\/td><\/tr><tr><td colspan=\"2\">Program<\/td><\/tr><tr><td><a href=\"https:\/\/en.wikipedia.org\/wiki\/Mass_in_D_major_(Dvo%C5%99%C3%A1k)\">Mass in D<\/a><\/td><td><a href=\"https:\/\/en.wikipedia.org\/wiki\/Philip_Stopford\">Anton\u00edn Dvo\u0159\u00e1k (1841 &#8211; 1904)<\/a><\/td><\/tr><\/tbody><\/table><\/figure>\n","protected":false},"excerpt":{"rendered":"<p>Venue Basilica of St. Paul&#8217;s Outside the Walls Date and Time 31st May 2025: 15:00 Choir From England: Ex CollegioFrom Rome: New Chamber Singers Conductors Tim Venvell and Stefano Vasselli [&hellip;]<\/p>\n","protected":false},"author":1,"featured_media":0,"parent":0,"menu_order":0,"comment_status":"closed","ping_status":"closed","template":"","meta":{"nf_dc_page":"","_monsterinsights_skip_tracking":false,"_monsterinsights_sitenote_active":false,"_monsterinsights_sitenote_note":"","_monsterinsights_sitenote_category":0,"_EventAllDay":false,"_EventTimezone":"","_EventStartDate":"","_EventEndDate":"","_EventStartDateUTC":"","_EventEndDateUTC":"","_EventShowMap":false,"_EventShowMapLink":false,"_EventURL":"","_EventCost":"","_EventCostDescription":"","_EventCurrencySymbol":"","_EventCurrencyCode":"","_EventCurrencyPosition":"","_EventDateTimeSeparator":"","_EventTimeRangeSeparator":"","_EventOrganizerID":[],"_EventVenueID":[],"_OrganizerEmail":"","_OrganizerPhone":"","_OrganizerWebsite":"","_VenueAddress":"","_VenueCity":"","_VenueCountry":"","_VenueProvince":"","_VenueState":"","_VenueZip":"","_VenuePhone":"","_VenueURL":"","_VenueStateProvince":"","_VenueLat":"","_VenueLng":"","_VenueShowMap":false,"_VenueShowMapLink":false,"footnotes":""},"class_list":["post-537","page","type-page","status-publish","hentry"],"jetpack_sharing_enabled":true,"_links":{"self":[{"href":"https:\/\/newchambersingers.com\/en\/wp-json\/wp\/v2\/pages\/537","targetHints":{"allow":["GET"]}}],"collection":[{"href":"https:\/\/newchambersingers.com\/en\/wp-json\/wp\/v2\/pages"}],"about":[{"href":"https:\/\/newchambersingers.com\/en\/wp-json\/wp\/v2\/types\/page"}],"author":[{"embeddable":true,"href":"https:\/\/newchambersingers.com\/en\/wp-json\/wp\/v2\/users\/1"}],"replies":[{"embeddable":true,"href":"https:\/\/newchambersingers.com\/en\/wp-json\/wp\/v2\/comments?post=537"}],"version-history":[{"count":5,"href":"https:\/\/newchambersingers.com\/en\/wp-json\/wp\/v2\/pages\/537\/revisions"}],"predecessor-version":[{"id":619,"href":"https:\/\/newchambersingers.com\/en\/wp-json\/wp\/v2\/pages\/537\/revisions\/619"}],"wp:attachment":[{"href":"https:\/\/newchambersingers.com\/en\/wp-json\/wp\/v2\/media?parent=537"}],"curies":[{"name":"wp","href":"https:\/\/api.w.org\/{rel}","templated":true}]}}